{"id":349,"date":"2016-04-14T17:50:04","date_gmt":"2016-04-14T16:50:04","guid":{"rendered":"http:\/\/mo10.fr\/?page_id=349"},"modified":"2016-05-11T09:33:08","modified_gmt":"2016-05-11T08:33:08","slug":"vitrines","status":"publish","type":"page","link":"https:\/\/mo10.fr\/?page_id=349","title":{"rendered":"Vitrines"},"content":{"rendered":"<p style=\"text-align: center;\"><span style=\"color: #808080;\">quand il y a des commerces inoccup\u00e9s autour de la grand-place c&rsquo;est vite tr\u00e8s moche &#8230;..<\/span><\/p>\n<p style=\"text-align: center;\"><span style=\"color: #808080;\">\u00e0 la demande d&rsquo;une association j&rsquo;ai con\u00e7u et pos\u00e9s ces trompe l&rsquo;\u0153il\u00a0 imprim\u00e9s sur film pvc<\/span><\/p>\n<h6 style=\"text-align: center;\"><!--more--><\/h6>\n<p style=\"text-align: center;\"><span style=\"color: #3366ff;\">(dommage que l&rsquo;id\u00e9e d&rsquo;y joindre des textes po\u00e9tiques n&rsquo;est pas \u00e9t\u00e9 accept\u00e9e)<\/span><\/p>\n<h2><\/h2>\n<hr \/>\n<h2 style=\"text-align: center;\"><span style=\"text-decoration: underline;\"><span style=\"color: #339966; text-decoration: underline;\">le Magasin Rose<\/span><\/span><\/h2>\n<h2 style=\"text-align: center;\">\u00a0<span style=\"color: #339966;\"><span style=\"color: #999999;\">Avant<\/span><br \/>\n<\/span><\/h2>\n<h2 style=\"text-align: center;\"><a href=\"https:\/\/mo10.fr\/wp-content\/uploads\/2016\/04\/magazin-rose-avant.jpg\"><img loading=\"lazy\" decoding=\"async\" class=\"wp-image-353 aligncenter\" src=\"https:\/\/mo10.fr\/wp-content\/uploads\/2016\/04\/magazin-rose-avant-300x219.jpg\" alt=\"magasin rose avant\" width=\"593\" height=\"433\" srcset=\"https:\/\/mo10.fr\/wp-content\/uploads\/2016\/04\/magazin-rose-avant-300x219.jpg 300w, https:\/\/mo10.fr\/wp-content\/uploads\/2016\/04\/magazin-rose-avant.jpg 834w\" sizes=\"auto, (max-width: 593px) 100vw, 593px\" \/><\/a><span style=\"color: #999999;\">Apr\u00e8s<\/span><\/h2>\n<p style=\"text-align: left;\"><a href=\"https:\/\/mo10.fr\/wp-content\/uploads\/2016\/04\/magasin-rose-apr\u00e8s.jpg\"><img loading=\"lazy\" decoding=\"async\" class=\"wp-image-352 aligncenter\" src=\"https:\/\/mo10.fr\/wp-content\/uploads\/2016\/04\/magasin-rose-apr\u00e8s-300x206.jpg\" alt=\"magasin rose apr\u00e8s\" width=\"628\" height=\"431\" srcset=\"https:\/\/mo10.fr\/wp-content\/uploads\/2016\/04\/magasin-rose-apr\u00e8s-300x206.jpg 300w, https:\/\/mo10.fr\/wp-content\/uploads\/2016\/04\/magasin-rose-apr\u00e8s-1024x702.jpg 1024w, https:\/\/mo10.fr\/wp-content\/uploads\/2016\/04\/magasin-rose-apr\u00e8s.jpg 1134w\" sizes=\"auto, (max-width: 628px) 100vw, 628px\" \/><\/a><\/p>\n<hr \/>\n<hr \/>\n<h2 style=\"text-align: center;\"><\/h2>\n<h2 style=\"text-align: center;\"><span style=\"color: #339966;\">le<\/span> <span style=\"color: #339966;\">Caf\u00e9<\/span><\/h2>\n<h2 style=\"text-align: center;\">\u00a0<span style=\"color: #339966;\"><span style=\"color: #999999;\">Avant<\/span><br \/>\n<\/span><\/h2>\n<h2 style=\"text-align: center;\"><a href=\"https:\/\/mo10.fr\/wp-content\/uploads\/2016\/04\/Caf\u00e9-avant.jpg\"><img loading=\"lazy\" decoding=\"async\" class=\"wp-image-351 aligncenter\" src=\"https:\/\/mo10.fr\/wp-content\/uploads\/2016\/04\/Caf\u00e9-avant-300x225.jpg\" alt=\"RICOH IMAGING\" width=\"641\" height=\"481\" srcset=\"https:\/\/mo10.fr\/wp-content\/uploads\/2016\/04\/Caf\u00e9-avant-300x225.jpg 300w, https:\/\/mo10.fr\/wp-content\/uploads\/2016\/04\/Caf\u00e9-avant.jpg 850w\" sizes=\"auto, (max-width: 641px) 100vw, 641px\" \/><\/a><span style=\"color: #999999;\">Apr\u00e8s<\/span><\/h2>\n<p><a href=\"https:\/\/mo10.fr\/wp-content\/uploads\/2016\/04\/caf\u00e9-apr\u00e8s-.jpg\"><img loading=\"lazy\" decoding=\"async\" class=\"wp-image-350 aligncenter\" src=\"https:\/\/mo10.fr\/wp-content\/uploads\/2016\/04\/caf\u00e9-apr\u00e8s--300x200.jpg\" alt=\"caf\u00e9 apr\u00e8s\" width=\"663\" height=\"442\" srcset=\"https:\/\/mo10.fr\/wp-content\/uploads\/2016\/04\/caf\u00e9-apr\u00e8s--300x200.jpg 300w, https:\/\/mo10.fr\/wp-content\/uploads\/2016\/04\/caf\u00e9-apr\u00e8s--1024x684.jpg 1024w, https:\/\/mo10.fr\/wp-content\/uploads\/2016\/04\/caf\u00e9-apr\u00e8s-.jpg 1134w\" sizes=\"auto, (max-width: 663px) 100vw, 663px\" \/><\/a><\/p>\n<p>&nbsp;<\/p>\n<hr \/>\n<hr \/>\n<h2 style=\"text-align: center;\"><\/h2>\n<h2 style=\"text-align: center;\"><span style=\"color: #339966;\">La Coiffeuse<\/span><\/h2>\n<h2 style=\"text-align: center;\"><span style=\"color: #999999;\">Avant<\/span><\/h2>\n<h2 style=\"text-align: center;\"><a href=\"https:\/\/mo10.fr\/wp-content\/uploads\/2016\/04\/coiffeuse-avant.jpg\"><img loading=\"lazy\" decoding=\"async\" class=\"wp-image-356 aligncenter\" src=\"https:\/\/mo10.fr\/wp-content\/uploads\/2016\/04\/coiffeuse-avant-300x225.jpg\" alt=\"Coiffeuse avant\" width=\"680\" height=\"510\" srcset=\"https:\/\/mo10.fr\/wp-content\/uploads\/2016\/04\/coiffeuse-avant-300x225.jpg 300w, https:\/\/mo10.fr\/wp-content\/uploads\/2016\/04\/coiffeuse-avant.jpg 850w\" sizes=\"auto, (max-width: 680px) 100vw, 680px\" \/><\/a><span style=\"color: #999999;\">Apr\u00e8s<\/span><\/h2>\n<p><a href=\"https:\/\/mo10.fr\/wp-content\/uploads\/2016\/04\/coiffeuse-apr\u00e8s.jpg\"><img loading=\"lazy\" decoding=\"async\" class=\"wp-image-355 aligncenter\" src=\"https:\/\/mo10.fr\/wp-content\/uploads\/2016\/04\/coiffeuse-apr\u00e8s-300x148.jpg\" alt=\"Coiffeuse apr\u00e8s\" width=\"705\" height=\"348\" srcset=\"https:\/\/mo10.fr\/wp-content\/uploads\/2016\/04\/coiffeuse-apr\u00e8s-300x148.jpg 300w, https:\/\/mo10.fr\/wp-content\/uploads\/2016\/04\/coiffeuse-apr\u00e8s-1024x505.jpg 1024w, https:\/\/mo10.fr\/wp-content\/uploads\/2016\/04\/coiffeuse-apr\u00e8s.jpg 1134w\" sizes=\"auto, (max-width: 705px) 100vw, 705px\" \/><\/a><\/p>\n<hr \/>\n<hr \/>\n<p>&nbsp;<\/p>\n<h2 style=\"text-align: center;\"><span style=\"color: #339966;\">La Boucherie<\/span><\/h2>\n<h2 style=\"text-align: center;\"><span style=\"color: #999999;\">Avant<\/span><\/h2>\n<h2 style=\"text-align: center;\"><a href=\"https:\/\/mo10.fr\/wp-content\/uploads\/2016\/04\/boucherie-avant.jpg\"><img loading=\"lazy\" decoding=\"async\" class=\"aligncenter wp-image-357\" src=\"https:\/\/mo10.fr\/wp-content\/uploads\/2016\/04\/boucherie-avant-300x225.jpg\" alt=\"Boucherie Avant\" width=\"751\" height=\"564\" srcset=\"https:\/\/mo10.fr\/wp-content\/uploads\/2016\/04\/boucherie-avant-300x225.jpg 300w, https:\/\/mo10.fr\/wp-content\/uploads\/2016\/04\/boucherie-avant.jpg 850w\" sizes=\"auto, (max-width: 751px) 100vw, 751px\" \/><\/a><span style=\"color: #999999;\">Apr\u00e8s<\/span><\/h2>\n<p style=\"text-align: center;\"><a href=\"https:\/\/mo10.fr\/wp-content\/uploads\/2016\/05\/boucherie-apr\u00e8s.jpg\"><img loading=\"lazy\" decoding=\"async\" class=\"alignnone wp-image-699\" src=\"https:\/\/mo10.fr\/wp-content\/uploads\/2016\/05\/boucherie-apr\u00e8s.jpg\" alt=\"boucherie apr\u00e8s\" width=\"755\" height=\"524\" srcset=\"https:\/\/mo10.fr\/wp-content\/uploads\/2016\/05\/boucherie-apr\u00e8s.jpg 850w, https:\/\/mo10.fr\/wp-content\/uploads\/2016\/05\/boucherie-apr\u00e8s-300x208.jpg 300w\" sizes=\"auto, (max-width: 755px) 100vw, 755px\" \/><\/a><\/p>\n<p>&nbsp;<\/p>\n<p>&nbsp;<\/p>\n<div id=\"s3gt_translate_tooltip\" class=\"s3gt_translate_tooltip\" style=\"position: absolute; left: 183px; top: 5002px; opacity: 0.15;\"><\/div>\n<p>Views: 1958<\/p>","protected":false},"excerpt":{"rendered":"<p>quand il y a des commerces inoccup\u00e9s autour de la grand-place c&rsquo;est vite tr\u00e8s moche &#8230;.. \u00e0 la demande d&rsquo;une association j&rsquo;ai con\u00e7u et pos\u00e9s ces trompe l&rsquo;\u0153il\u00a0 imprim\u00e9s sur<\/p>\n<a class=\"more-link\" rel=\"nofollow\" href=\"https:\/\/mo10.fr\/?page_id=349\">suite....<\/a>","protected":false},"author":1,"featured_media":0,"parent":0,"menu_order":1,"comment_status":"open","ping_status":"closed","template":"template\/page-category.php","meta":{"footnotes":""},"class_list":["post-349","page","type-page","status-publish","hentry"],"_links":{"self":[{"href":"https:\/\/mo10.fr\/index.php?rest_route=\/wp\/v2\/pages\/349","targetHints":{"allow":["GET"]}}],"collection":[{"href":"https:\/\/mo10.fr\/index.php?rest_route=\/wp\/v2\/pages"}],"about":[{"href":"https:\/\/mo10.fr\/index.php?rest_route=\/wp\/v2\/types\/page"}],"author":[{"embeddable":true,"href":"https:\/\/mo10.fr\/index.php?rest_route=\/wp\/v2\/users\/1"}],"replies":[{"embeddable":true,"href":"https:\/\/mo10.fr\/index.php?rest_route=%2Fwp%2Fv2%2Fcomments&post=349"}],"version-history":[{"count":11,"href":"https:\/\/mo10.fr\/index.php?rest_route=\/wp\/v2\/pages\/349\/revisions"}],"predecessor-version":[{"id":723,"href":"https:\/\/mo10.fr\/index.php?rest_route=\/wp\/v2\/pages\/349\/revisions\/723"}],"wp:attachment":[{"href":"https:\/\/mo10.fr\/index.php?rest_route=%2Fwp%2Fv2%2Fmedia&parent=349"}],"curies":[{"name":"wp","href":"https:\/\/api.w.org\/{rel}","templated":true}]}}