{"id":660,"date":"2020-04-23T15:12:48","date_gmt":"2020-04-23T14:12:48","guid":{"rendered":"http:\/\/mo10.fr\/?page_id=660"},"modified":"2020-04-23T16:18:22","modified_gmt":"2020-04-23T15:18:22","slug":"monsieur-gerard-2011","status":"publish","type":"page","link":"https:\/\/mo10.fr\/?page_id=660","title":{"rendered":"Monsieur G\u00e9rard 2011"},"content":{"rendered":"\n<p><\/p>\n\n\n\n<figure class=\"wp-block-image size-large\"><img loading=\"lazy\" decoding=\"async\" width=\"1024\" height=\"745\" src=\"https:\/\/mo10.fr\/wp-content\/uploads\/2020\/04\/Gerardmoi-1024x745.jpg\" alt=\"\" class=\"wp-image-1285\" srcset=\"https:\/\/mo10.fr\/wp-content\/uploads\/2020\/04\/Gerardmoi-1024x745.jpg 1024w, https:\/\/mo10.fr\/wp-content\/uploads\/2020\/04\/Gerardmoi-300x218.jpg 300w, https:\/\/mo10.fr\/wp-content\/uploads\/2020\/04\/Gerardmoi-rotated.jpg 1048w\" sizes=\"auto, (max-width: 1024px) 100vw, 1024px\" \/><\/figure>\n\n\n<div id=\"article-box-0\" class=\"article index_article article_first article_first_no_ads\">\n<div id=\"article-box-0\" class=\"article index_article article_first article_first_no_ads\">\n<h2 id=\"a0\" class=\"article-title-h2\" style=\"text-align: center;\"><span style=\"color: #666699;\"><a style=\"color: #666699;\" title=\"c'etait en 2011\" href=\"http:\/\/mo.artblog.fr\/1753849\/c-etait-en-2011\/\">c \u00e9tait en 2011<\/a><\/span><\/h2>\n<div class=\"article-content article-content-\">\n<pre class=\"text\"><strong><span style=\"color: #666699;\">comme chaque ann\u00e9e un portrait pour l'expo de la f\u00eate au village\ncette ann\u00e9e l\u00e0 c'\u00e9tait G\u00e9rard,<\/span>\n\n<span style=\"color: #666699;\">il cause pas beaucoup et en plus ce jour l\u00e0 il \u00e9tait malade.<\/span>\n\n<span style=\"color: #666699;\">il m'a quand m\u00eame dit: <br>  \"<em>je crois bien que c'est la deuxi\u00e8me fois que je rentre dans une       \u00e9glise (l'expo \u00e0 lieu dans l'\u00e9glise) <\/em><\/span><em><span style=\"color: #666699;\">La premi\u00e8re c'\u00e9tait pour mon mariage elle \u00e9tait jolie tu peux pas savoir \"<\/span>\n<\/em><span style=\"color: #666699;\">il a ajouter avec un brin de malice:<br><em>\"pas l'\u00e9glise<\/em> \"<\/span>\n\n<span style=\"color: #666699;\">G\u00e9rard, il est un peut malicieux, il dit des menteries et si vous restez s\u00e9rieux il ne vous d\u00e9trompe pas mais affiche un petit sourire.\u00c7a fait parfois des histoires de village....Mais c'est une autre histoire...<\/span>\n\n<span style=\"color: #666699;\">Surtout G\u00e9rard, il est amoureux, il a les yeux qui brillent quand il parle d'elle. <\/span>\n\n<span style=\"color: #666699;\">Elle n'est plus l\u00e0 mais G\u00e9rard le silencieux lui parle tout le temps,<\/span>\n<span style=\"color: #666699;\">c'est pour \u00e7a qu'on \u00e0 l'impression qu'il se tait<\/span>\n\n<span style=\"color: #666699;\">Quand il \u00e9voque&nbsp; sa jeunesse, ses rencontres, le travail, les guinguettes, sa femme, dieu qu'elle est belle (oui il en parle au pr\u00e9sent), <\/span>\n\n<span style=\"color: #666699;\">il vous embarque.<\/span>\n\n<span style=\"color: #666699;\">Oui bien sur il y a eu des malheurs mais ce qui reste au bout du compte c'est le bonheur de vivre.<\/span>\n\n\n<span style=\"color: #666699;\">Merci Monsieur G\u00e9rard<\/span><\/strong><\/pre>\n<\/div>\n<\/div>\n<\/div>\n<p>&nbsp;<\/p><p>Views: 739<\/p>","protected":false},"excerpt":{"rendered":"<p>c \u00e9tait en 2011 comme chaque ann\u00e9e un portrait pour l&rsquo;expo de la f\u00eate au village cette ann\u00e9e l\u00e0 c&rsquo;\u00e9tait G\u00e9rard, il cause pas beaucoup et en plus ce jour<\/p>\n<a class=\"more-link\" rel=\"nofollow\" href=\"https:\/\/mo10.fr\/?page_id=660\">suite....<\/a>","protected":false},"author":1,"featured_media":0,"parent":0,"menu_order":0,"comment_status":"closed","ping_status":"closed","template":"","meta":{"footnotes":""},"class_list":["post-660","page","type-page","status-publish","hentry"],"_links":{"self":[{"href":"https:\/\/mo10.fr\/index.php?rest_route=\/wp\/v2\/pages\/660","targetHints":{"allow":["GET"]}}],"collection":[{"href":"https:\/\/mo10.fr\/index.php?rest_route=\/wp\/v2\/pages"}],"about":[{"href":"https:\/\/mo10.fr\/index.php?rest_route=\/wp\/v2\/types\/page"}],"author":[{"embeddable":true,"href":"https:\/\/mo10.fr\/index.php?rest_route=\/wp\/v2\/users\/1"}],"replies":[{"embeddable":true,"href":"https:\/\/mo10.fr\/index.php?rest_route=%2Fwp%2Fv2%2Fcomments&post=660"}],"version-history":[{"count":4,"href":"https:\/\/mo10.fr\/index.php?rest_route=\/wp\/v2\/pages\/660\/revisions"}],"predecessor-version":[{"id":1287,"href":"https:\/\/mo10.fr\/index.php?rest_route=\/wp\/v2\/pages\/660\/revisions\/1287"}],"wp:attachment":[{"href":"https:\/\/mo10.fr\/index.php?rest_route=%2Fwp%2Fv2%2Fmedia&parent=660"}],"curies":[{"name":"wp","href":"https:\/\/api.w.org\/{rel}","templated":true}]}}